{"id":44735,"date":"2026-04-20T00:31:08","date_gmt":"2026-04-19T21:31:08","guid":{"rendered":"https:\/\/www.teknolojee.com.tr\/index.php\/urun\/hikvision-ds-7104ni-q1-m-4-kanal-h265-nvr-kayit-cihazi\/"},"modified":"2026-04-21T23:52:52","modified_gmt":"2026-04-21T20:52:52","slug":"hikvision-ds-7104ni-q1-m-4-kanal-h265-nvr-kayit-cihazi","status":"publish","type":"product","link":"https:\/\/www.teknolojee.com.tr\/index.php\/urun\/hikvision-ds-7104ni-q1-m-4-kanal-h265-nvr-kayit-cihazi\/","title":{"rendered":"HIKVISION DS-7104NI-Q1\/M 4 KANAL H265+ NVR KAYIT C\u0130HAZI"},"content":{"rendered":"<p>&nbsp;<\/p>\n<p>&nbsp;<\/p>\n","protected":false},"excerpt":{"rendered":"<p>G\u00fcvenlik \u00dcr\u00fcnleri, HIKVISION, 6942160417080<\/p>\n","protected":false},"featured_media":44736,"comment_status":"open","ping_status":"open","template":"","meta":[],"product_brand":[58],"product_cat":[50,67,68],"product_tag":[482,542,543],"class_list":{"0":"post-44735","1":"product","2":"type-product","3":"status-publish","4":"has-post-thumbnail","6":"product_brand-hikvision","7":"product_cat-guvenlik-urunleri","8":"product_cat-kayit-cihazlari","9":"product_cat-nvr-cihazlar","10":"product_tag-guvenlik-urunleri","11":"product_tag-kayit-cihazlari","12":"product_tag-nvr-cihazlar","14":"first","15":"instock","16":"sale","17":"taxable","18":"shipping-taxable","19":"purchasable","20":"product-type-simple"},"_links":{"self":[{"href":"https:\/\/www.teknolojee.com.tr\/index.php\/wp-json\/wp\/v2\/product\/44735","targetHints":{"allow":["GET"]}}],"collection":[{"href":"https:\/\/www.teknolojee.com.tr\/index.php\/wp-json\/wp\/v2\/product"}],"about":[{"href":"https:\/\/www.teknolojee.com.tr\/index.php\/wp-json\/wp\/v2\/types\/product"}],"replies":[{"embeddable":true,"href":"https:\/\/www.teknolojee.com.tr\/index.php\/wp-json\/wp\/v2\/comments?post=44735"}],"version-history":[{"count":1,"href":"https:\/\/www.teknolojee.com.tr\/index.php\/wp-json\/wp\/v2\/product\/44735\/revisions"}],"predecessor-version":[{"id":47473,"href":"https:\/\/www.teknolojee.com.tr\/index.php\/wp-json\/wp\/v2\/product\/44735\/revisions\/47473"}],"wp:featuredmedia":[{"embeddable":true,"href":"https:\/\/www.teknolojee.com.tr\/index.php\/wp-json\/wp\/v2\/media\/44736"}],"wp:attachment":[{"href":"https:\/\/www.teknolojee.com.tr\/index.php\/wp-json\/wp\/v2\/media?parent=44735"}],"wp:term":[{"taxonomy":"product_brand","embeddable":true,"href":"https:\/\/www.teknolojee.com.tr\/index.php\/wp-json\/wp\/v2\/product_brand?post=44735"},{"taxonomy":"product_cat","embeddable":true,"href":"https:\/\/www.teknolojee.com.tr\/index.php\/wp-json\/wp\/v2\/product_cat?post=44735"},{"taxonomy":"product_tag","embeddable":true,"href":"https:\/\/www.teknolojee.com.tr\/index.php\/wp-json\/wp\/v2\/product_tag?post=44735"}],"curies":[{"name":"wp","href":"https:\/\/api.w.org\/{rel}","templated":true}]}}