{"id":29225,"date":"2026-03-27T19:29:10","date_gmt":"2026-03-27T16:29:10","guid":{"rendered":"https:\/\/www.teknolojee.com.tr\/index.php\/urun\/tiwox-tp-9000d-i5-5-gen-8gb-128gb-15-6-13-3-2-ekran-endustriyel-pos-pc\/"},"modified":"2026-03-27T19:30:20","modified_gmt":"2026-03-27T16:30:20","slug":"tiwox-tp-9000d-i5-5-gen-8gb-128gb-15-6-13-3-2-ekran-endustriyel-pos-pc","status":"publish","type":"product","link":"https:\/\/www.teknolojee.com.tr\/index.php\/urun\/tiwox-tp-9000d-i5-5-gen-8gb-128gb-15-6-13-3-2-ekran-endustriyel-pos-pc\/","title":{"rendered":"TIWOX TP-9000D I5 5.GEN 8GB 128GB 15.6&#8243; + 13.3&#8243; 2.EKRAN END\u00dcSTR\u0130YEL POS PC"},"content":{"rendered":"<p>TIWOX TP-9000D I5 5.GEN 8GB 128GB 15.6&#8243; + 13.3&#8243; 2.EKRAN END\u00dcSTR\u0130YEL POS PC<\/p>\n<p>&nbsp;<\/p>\n","protected":false},"excerpt":{"rendered":"<p>24583<\/p>\n","protected":false},"featured_media":29227,"comment_status":"closed","ping_status":"open","template":"","meta":[],"product_brand":[232],"product_cat":[128,233],"product_tag":[478,555,614],"class_list":{"0":"post-29225","1":"product","2":"type-product","3":"status-publish","4":"has-post-thumbnail","6":"product_brand-tiwox","7":"product_cat-ot-vt-barkod-pdks","8":"product_cat-pos-terminalleri-aio","9":"product_tag-access-point-ve-router","10":"product_tag-ot-vt-barkod-pdks","11":"product_tag-pos-terminalleri-aio","13":"first","14":"instock","15":"sale","16":"taxable","17":"shipping-taxable","18":"purchasable","19":"product-type-simple"},"_links":{"self":[{"href":"https:\/\/www.teknolojee.com.tr\/index.php\/wp-json\/wp\/v2\/product\/29225","targetHints":{"allow":["GET"]}}],"collection":[{"href":"https:\/\/www.teknolojee.com.tr\/index.php\/wp-json\/wp\/v2\/product"}],"about":[{"href":"https:\/\/www.teknolojee.com.tr\/index.php\/wp-json\/wp\/v2\/types\/product"}],"replies":[{"embeddable":true,"href":"https:\/\/www.teknolojee.com.tr\/index.php\/wp-json\/wp\/v2\/comments?post=29225"}],"version-history":[{"count":1,"href":"https:\/\/www.teknolojee.com.tr\/index.php\/wp-json\/wp\/v2\/product\/29225\/revisions"}],"predecessor-version":[{"id":29226,"href":"https:\/\/www.teknolojee.com.tr\/index.php\/wp-json\/wp\/v2\/product\/29225\/revisions\/29226"}],"wp:featuredmedia":[{"embeddable":true,"href":"https:\/\/www.teknolojee.com.tr\/index.php\/wp-json\/wp\/v2\/media\/29227"}],"wp:attachment":[{"href":"https:\/\/www.teknolojee.com.tr\/index.php\/wp-json\/wp\/v2\/media?parent=29225"}],"wp:term":[{"taxonomy":"product_brand","embeddable":true,"href":"https:\/\/www.teknolojee.com.tr\/index.php\/wp-json\/wp\/v2\/product_brand?post=29225"},{"taxonomy":"product_cat","embeddable":true,"href":"https:\/\/www.teknolojee.com.tr\/index.php\/wp-json\/wp\/v2\/product_cat?post=29225"},{"taxonomy":"product_tag","embeddable":true,"href":"https:\/\/www.teknolojee.com.tr\/index.php\/wp-json\/wp\/v2\/product_tag?post=29225"}],"curies":[{"name":"wp","href":"https:\/\/api.w.org\/{rel}","templated":true}]}}